{"id":373,"date":"2022-10-20T10:41:49","date_gmt":"2022-10-20T08:41:49","guid":{"rendered":"http:\/\/staging.btpsavoie.fr\/?page_id=373"},"modified":"2023-01-12T15:24:03","modified_gmt":"2023-01-12T14:24:03","slug":"aide-au-financement","status":"publish","type":"page","link":"https:\/\/www.btpsavoie.fr\/index.php\/aide-au-financement\/","title":{"rendered":"Aide au Financement"},"content":{"rendered":"<div class=\"fusion-fullwidth fullwidth-box fusion-builder-row-1 fusion-flex-container nonhundred-percent-fullwidth non-hundred-percent-height-scrolling\" style=\"--awb-border-sizes-top:0px;--awb-border-sizes-bottom:0px;--awb-border-sizes-left:0px;--awb-border-sizes-right:0px;--awb-border-radius-top-left:0px;--awb-border-radius-top-right:0px;--awb-border-radius-bottom-right:0px;--awb-border-radius-bottom-left:0px;--awb-padding-top:120px;--awb-padding-right:30px;--awb-padding-bottom:120px;--awb-padding-left:30px;--awb-padding-top-medium:60px;--awb-padding-bottom-medium:60px;--awb-padding-top-small:50px;--awb-margin-top:0px;--awb-margin-bottom:0px;--awb-background-color:var(--awb-color1);--awb-flex-wrap:wrap;\" ><div class=\"fusion-builder-row fusion-row fusion-flex-align-items-center fusion-flex-content-wrap\" style=\"max-width:1248px;margin-left: calc(-4% \/ 2 );margin-right: calc(-4% \/ 2 );\"><div class=\"fusion-layout-column fusion_builder_column fusion-builder-column-0 fusion_builder_column_2_5 2_5 fusion-flex-column\" style=\"--awb-bg-size:cover;--awb-width-large:40%;--awb-margin-top-large:0px;--awb-spacing-right-large:6.4%;--awb-margin-bottom-large:0px;--awb-spacing-left-large:4.8%;--awb-width-medium:40%;--awb-spacing-right-medium:6.4%;--awb-spacing-left-medium:4.8%;--awb-width-small:100%;--awb-spacing-right-small:1.92%;--awb-margin-bottom-small:40px;--awb-spacing-left-small:1.92%;\"><div class=\"fusion-column-wrapper fusion-column-has-shadow fusion-flex-justify-content-flex-start fusion-content-layout-column\"><div class=\"fusion-image-element \" style=\"--awb-caption-title-font-family:var(--h2_typography-font-family);--awb-caption-title-font-weight:var(--h2_typography-font-weight);--awb-caption-title-font-style:var(--h2_typography-font-style);--awb-caption-title-size:var(--h2_typography-font-size);--awb-caption-title-transform:var(--h2_typography-text-transform);--awb-caption-title-line-height:var(--h2_typography-line-height);--awb-caption-title-letter-spacing:var(--h2_typography-letter-spacing);\"><span class=\" fusion-imageframe imageframe-none imageframe-1 hover-type-none\"><img decoding=\"async\" width=\"782\" height=\"584\" alt=\"Logo de l&#039;ADEF BTP\" title=\"adef-bleu\" src=\"https:\/\/www.btpsavoie.fr\/wp-content\/uploads\/2022\/10\/adef-bleu-1.png\" data-orig-src=\"http:\/\/staging.btpsavoie.fr\/wp-content\/uploads\/2022\/10\/adef-bleu-1.png\" class=\"lazyload img-responsive wp-image-368\" srcset=\"data:image\/svg+xml,%3Csvg%20xmlns%3D%27http%3A%2F%2Fwww.w3.org%2F2000%2Fsvg%27%20width%3D%27782%27%20height%3D%27584%27%20viewBox%3D%270%200%20782%20584%27%3E%3Crect%20width%3D%27782%27%20height%3D%27584%27%20fill-opacity%3D%220%22%2F%3E%3C%2Fsvg%3E\" data-srcset=\"https:\/\/www.btpsavoie.fr\/wp-content\/uploads\/2022\/10\/adef-bleu-1-200x149.png 200w, https:\/\/www.btpsavoie.fr\/wp-content\/uploads\/2022\/10\/adef-bleu-1-400x299.png 400w, https:\/\/www.btpsavoie.fr\/wp-content\/uploads\/2022\/10\/adef-bleu-1-600x448.png 600w, https:\/\/www.btpsavoie.fr\/wp-content\/uploads\/2022\/10\/adef-bleu-1.png 782w\" data-sizes=\"auto\" data-orig-sizes=\"(max-width: 640px) 100vw, 600px\" \/><\/span><\/div><\/div><\/div><div class=\"fusion-layout-column fusion_builder_column fusion-builder-column-1 fusion_builder_column_3_5 3_5 fusion-flex-column\" style=\"--awb-bg-size:cover;--awb-width-large:60%;--awb-margin-top-large:0px;--awb-spacing-right-large:3.2%;--awb-margin-bottom-large:20px;--awb-spacing-left-large:11.2%;--awb-width-medium:60%;--awb-spacing-right-medium:3.2%;--awb-spacing-left-medium:11.2%;--awb-width-small:100%;--awb-spacing-right-small:1.92%;--awb-margin-bottom-small:0px;--awb-spacing-left-small:1.92%;\"><div class=\"fusion-column-wrapper fusion-column-has-shadow fusion-flex-justify-content-flex-start fusion-content-layout-column\"><div class=\"fusion-title title fusion-title-1 fusion-sep-none fusion-title-text fusion-title-size-two fusion-animated\" style=\"--awb-margin-bottom:40px;--awb-margin-top-small:10px;--awb-margin-right-small:0px;--awb-margin-bottom-small:10px;--awb-margin-left-small:0px;\" data-animationType=\"fadeInLeft\" data-animationDuration=\"0.3\" data-animationOffset=\"top-into-view\"><h2 class=\"fusion-title-heading title-heading-left\" style=\"margin:0;\">Aide au Financement<\/h2><\/div><div class=\"fusion-separator fusion-no-large-visibility fusion-full-width-sep\" style=\"align-self: center;margin-left: auto;margin-right: auto;margin-bottom:3%;width:100%;\"><\/div><div class=\"fusion-text fusion-text-1 awb-text-cols fusion-text-columns-2\" style=\"--awb-columns:2;--awb-column-spacing:9%;--awb-column-min-width:250px;\"><p style=\"text-align: justify; \"> Le Syndicat G\u00e9n\u00e9ral du BTP SAVOIE, avec La F\u00e9d\u00e9ration BTP Is\u00e8re et la F\u00e9d\u00e9ration BTP Hautes Alpes, a cr\u00e9\u00e9 en 1970 l\u2019ADEF (Association de d\u00e9fense des entreprises et de l\u2019expansion de la profession du b\u00e2timent et des travaux publics)).<\/p>\n<\/p>\n<p style=\"text-align: justify; \">Ses services, accessibles en Savoie uniquement aux adh\u00e9rents du Syndicat G\u00e9n\u00e9ral du BTP Savoie, sont d\u00e9di\u00e9s \u00e0 l\u2019accompagnement financier d\u2019entreprises du BTP, tant par sa structure propre qu\u2019avec ses partenariats partenaires bancaires, sur l\u2019ensemble des probl\u00e9matiques de la vie d\u2019une entreprise (de l\u2019optimisation de la tr\u00e9sorerie en passant par les difficult\u00e9s passag\u00e8res, jusqu\u2019\u00e0  l\u2019aide \u00e0 la transmission et la croissance externe).<\/p>\n<\/p>\n<p style=\"text-align: justify; \">Unique en France, cet outil de gestion fort de plus de 50 ans d\u2019expertise vient ainsi compl\u00e9ter le panel des services et des actions propos\u00e9es par le Syndicat G\u00e9n\u00e9ral du BTP SAVOIE.<\/p>\n<\/div><div style=\"text-align:center;\"><a class=\"fusion-button button-3d button-large button-default fusion-button-default button-1 fusion-button-default-span \" style=\"--awb-margin-top:2rem;--button-border-radius-top-left:1rem;--button-border-radius-top-right:1rem;--button-border-radius-bottom-right:1rem;--button-border-radius-bottom-left:1rem;\" target=\"_blank\" rel=\"noopener noreferrer\" href=\"https:\/\/www.adef-btp.fr\/\"><span class=\"fusion-button-text awb-button__text awb-button__text--default fusion-button-text-right\">ALLER SUR LE SITE DE L&rsquo;ADEF<\/span><span class=\"fusion-button-icon-divider button-icon-divider-right\"><i class=\"fa-university fas awb-button__icon awb-button__icon--default\" aria-hidden=\"true\"><\/i><\/span><\/a><\/div><div class=\"fusion-separator fusion-full-width-sep\" style=\"align-self: center;margin-left: auto;margin-right: auto;margin-bottom:3%;width:100%;\"><\/div><\/div><\/div><\/div><\/div>\n","protected":false},"excerpt":{"rendered":"","protected":false},"author":1,"featured_media":0,"parent":0,"menu_order":0,"comment_status":"closed","ping_status":"closed","template":"100-width.php","meta":{"_acf_changed":false,"pmpro_default_level":"","footnotes":""},"class_list":["post-373","page","type-page","status-publish","hentry","pmpro-has-access"],"acf":[],"_links":{"self":[{"href":"https:\/\/www.btpsavoie.fr\/index.php\/wp-json\/wp\/v2\/pages\/373","targetHints":{"allow":["GET"]}}],"collection":[{"href":"https:\/\/www.btpsavoie.fr\/index.php\/wp-json\/wp\/v2\/pages"}],"about":[{"href":"https:\/\/www.btpsavoie.fr\/index.php\/wp-json\/wp\/v2\/types\/page"}],"author":[{"embeddable":true,"href":"https:\/\/www.btpsavoie.fr\/index.php\/wp-json\/wp\/v2\/users\/1"}],"replies":[{"embeddable":true,"href":"https:\/\/www.btpsavoie.fr\/index.php\/wp-json\/wp\/v2\/comments?post=373"}],"version-history":[{"count":7,"href":"https:\/\/www.btpsavoie.fr\/index.php\/wp-json\/wp\/v2\/pages\/373\/revisions"}],"predecessor-version":[{"id":1699,"href":"https:\/\/www.btpsavoie.fr\/index.php\/wp-json\/wp\/v2\/pages\/373\/revisions\/1699"}],"wp:attachment":[{"href":"https:\/\/www.btpsavoie.fr\/index.php\/wp-json\/wp\/v2\/media?parent=373"}],"curies":[{"name":"wp","href":"https:\/\/api.w.org\/{rel}","templated":true}]}}