{"id":371,"date":"2022-10-20T10:41:20","date_gmt":"2022-10-20T08:41:20","guid":{"rendered":"http:\/\/staging.btpsavoie.fr\/?page_id=371"},"modified":"2022-10-27T10:23:24","modified_gmt":"2022-10-27T08:23:24","slug":"affaires-publiques","status":"publish","type":"page","link":"https:\/\/www.btpsavoie.fr\/index.php\/affaires-publiques\/","title":{"rendered":"Affaires Publiques"},"content":{"rendered":"<div class=\"fusion-fullwidth fullwidth-box fusion-builder-row-1 fusion-flex-container nonhundred-percent-fullwidth non-hundred-percent-height-scrolling\" style=\"--awb-border-sizes-top:0px;--awb-border-sizes-bottom:0px;--awb-border-sizes-left:0px;--awb-border-sizes-right:0px;--awb-border-radius-top-left:0px;--awb-border-radius-top-right:0px;--awb-border-radius-bottom-right:0px;--awb-border-radius-bottom-left:0px;--awb-padding-top:120px;--awb-padding-right:30px;--awb-padding-bottom:120px;--awb-padding-left:30px;--awb-padding-top-medium:60px;--awb-padding-bottom-medium:60px;--awb-padding-top-small:50px;--awb-margin-top:0px;--awb-margin-bottom:0px;--awb-background-color:var(--awb-color1);--awb-flex-wrap:wrap;\" ><div class=\"fusion-builder-row fusion-row fusion-flex-align-items-center fusion-flex-content-wrap\" style=\"max-width:1248px;margin-left: calc(-4% \/ 2 );margin-right: calc(-4% \/ 2 );\"><div class=\"fusion-layout-column fusion_builder_column fusion-builder-column-0 fusion_builder_column_2_5 2_5 fusion-flex-column\" style=\"--awb-bg-size:cover;--awb-width-large:40%;--awb-margin-top-large:0px;--awb-spacing-right-large:6.4%;--awb-margin-bottom-large:0px;--awb-spacing-left-large:4.8%;--awb-width-medium:40%;--awb-spacing-right-medium:6.4%;--awb-spacing-left-medium:4.8%;--awb-width-small:100%;--awb-spacing-right-small:1.92%;--awb-margin-bottom-small:40px;--awb-spacing-left-small:1.92%;\"><div class=\"fusion-column-wrapper fusion-column-has-shadow fusion-flex-justify-content-flex-start fusion-content-layout-column\"><div class=\"fusion-image-element \" style=\"--awb-aspect-ratio: 100 \/ 131;--awb-object-position:44% 0%;--awb-mask-url: url(https:\/\/www.btpsavoie.fr\/wp-content\/plugins\/fusion-builder\/\/assets\/images\/masks\/mask-17.svg);--awb-caption-title-font-family:var(--h2_typography-font-family);--awb-caption-title-font-weight:var(--h2_typography-font-weight);--awb-caption-title-font-style:var(--h2_typography-font-style);--awb-caption-title-size:var(--h2_typography-font-size);--awb-caption-title-transform:var(--h2_typography-text-transform);--awb-caption-title-line-height:var(--h2_typography-line-height);--awb-caption-title-letter-spacing:var(--h2_typography-letter-spacing);\"><span class=\" fusion-imageframe imageframe-none imageframe-1 hover-type-none has-mask has-aspect-ratio\"><img decoding=\"async\" width=\"200\" height=\"158\" title=\"la-liberte-delacroix_1920\" src=\"https:\/\/www.btpsavoie.fr\/wp-content\/uploads\/2022\/10\/la-liberte-delacroix_1920.jpg\" data-orig-src=\"http:\/\/staging.btpsavoie.fr\/wp-content\/uploads\/2022\/10\/la-liberte-delacroix_1920-200x158.jpg\" class=\"lazyload img-responsive wp-image-778 img-with-aspect-ratio\" data-parent-fit=\"cover\" data-parent-container=\".fusion-image-element\" alt srcset=\"data:image\/svg+xml,%3Csvg%20xmlns%3D%27http%3A%2F%2Fwww.w3.org%2F2000%2Fsvg%27%20width%3D%271920%27%20height%3D%271520%27%20viewBox%3D%270%200%201920%201520%27%3E%3Crect%20width%3D%271920%27%20height%3D%271520%27%20fill-opacity%3D%220%22%2F%3E%3C%2Fsvg%3E\" data-srcset=\"https:\/\/www.btpsavoie.fr\/wp-content\/uploads\/2022\/10\/la-liberte-delacroix_1920-200x158.jpg 200w, https:\/\/www.btpsavoie.fr\/wp-content\/uploads\/2022\/10\/la-liberte-delacroix_1920-400x317.jpg 400w, https:\/\/www.btpsavoie.fr\/wp-content\/uploads\/2022\/10\/la-liberte-delacroix_1920-600x475.jpg 600w, https:\/\/www.btpsavoie.fr\/wp-content\/uploads\/2022\/10\/la-liberte-delacroix_1920-800x633.jpg 800w, https:\/\/www.btpsavoie.fr\/wp-content\/uploads\/2022\/10\/la-liberte-delacroix_1920-1200x950.jpg 1200w, https:\/\/www.btpsavoie.fr\/wp-content\/uploads\/2022\/10\/la-liberte-delacroix_1920.jpg 1920w\" data-sizes=\"auto\" data-orig-sizes=\"(max-width: 640px) 100vw, 600px\" \/><\/span><\/div><\/div><\/div><div class=\"fusion-layout-column fusion_builder_column fusion-builder-column-1 fusion_builder_column_3_5 3_5 fusion-flex-column\" style=\"--awb-bg-size:cover;--awb-width-large:60%;--awb-margin-top-large:0px;--awb-spacing-right-large:3.2%;--awb-margin-bottom-large:20px;--awb-spacing-left-large:11.2%;--awb-width-medium:60%;--awb-spacing-right-medium:3.2%;--awb-spacing-left-medium:11.2%;--awb-width-small:100%;--awb-spacing-right-small:1.92%;--awb-margin-bottom-small:0px;--awb-spacing-left-small:1.92%;\"><div class=\"fusion-column-wrapper fusion-column-has-shadow fusion-flex-justify-content-flex-start fusion-content-layout-column\"><div class=\"fusion-title title fusion-title-1 fusion-sep-none fusion-title-text fusion-title-size-two fusion-animated\" style=\"--awb-margin-bottom:40px;--awb-margin-top-small:10px;--awb-margin-right-small:0px;--awb-margin-bottom-small:10px;--awb-margin-left-small:0px;\" data-animationType=\"fadeInLeft\" data-animationDuration=\"0.3\" data-animationOffset=\"top-into-view\"><h2 class=\"fusion-title-heading title-heading-left\" style=\"margin:0;\">Affaires Publiques<\/h2><\/div><div class=\"fusion-separator fusion-no-large-visibility fusion-full-width-sep\" style=\"align-self: center;margin-left: auto;margin-right: auto;margin-bottom:3%;width:100%;\"><\/div><div class=\"fusion-text fusion-text-1 awb-text-cols fusion-text-columns-2\" style=\"--awb-columns:2;--awb-column-spacing:9%;--awb-column-min-width:250px;\"><p style=\"text-align: justify;\"><span style=\"font-weight: 400;\">Le Syndicat G\u00e9n\u00e9ral du BTP Savoie accompagne les entreprises du BTP dans leur d\u00e9veloppement et\u00a0 leur expansion. Il s\u2019engage \u00e0 la d\u00e9fense des droits du syndicat et des adh\u00e9rents aupr\u00e8s des institutions publiques : services de l\u2019Etat (d\u00e9partement, r\u00e9gion\u2026), les collectivit\u00e9s locales (communes, intercommunalit\u00e9s\u2026), les diff\u00e9rentes chambres consulaires (CCI, CMA), des diff\u00e9rentes associations. L\u2019avantage d\u2019un syndicat local est d\u2019\u00eatre au plus pr\u00e8s des pr\u00e9occupations des entreprises pour faire \u00e9voluer les instances locales et nationales. Notre r\u00f4le est d\u2019engager une d\u00e9marche proactive aupr\u00e8s des diff\u00e9rentes institutions pour r\u00e9pondre aux attentes de nos adh\u00e9rents.<\/span><\/p>\n<p style=\"text-align: left;\"><span style=\"font-weight: 400;\">Adh\u00e9rer au syndicat :\u00a0 c\u2019est savoir s\u2019entourer d\u2019une aide ext\u00e9rieure et permanente pour faire face aux probl\u00e9matiques actuelles et vaincre la solitude du dirigeant.<\/span><\/p>\n<\/div><div class=\"fusion-separator fusion-full-width-sep\" style=\"align-self: center;margin-left: auto;margin-right: auto;margin-bottom:3%;width:100%;\"><\/div><\/div><\/div><\/div><\/div>\n","protected":false},"excerpt":{"rendered":"","protected":false},"author":1,"featured_media":0,"parent":0,"menu_order":0,"comment_status":"closed","ping_status":"closed","template":"100-width.php","meta":{"_acf_changed":false,"pmpro_default_level":"","footnotes":""},"class_list":["post-371","page","type-page","status-publish","hentry","pmpro-has-access"],"acf":[],"_links":{"self":[{"href":"https:\/\/www.btpsavoie.fr\/index.php\/wp-json\/wp\/v2\/pages\/371","targetHints":{"allow":["GET"]}}],"collection":[{"href":"https:\/\/www.btpsavoie.fr\/index.php\/wp-json\/wp\/v2\/pages"}],"about":[{"href":"https:\/\/www.btpsavoie.fr\/index.php\/wp-json\/wp\/v2\/types\/page"}],"author":[{"embeddable":true,"href":"https:\/\/www.btpsavoie.fr\/index.php\/wp-json\/wp\/v2\/users\/1"}],"replies":[{"embeddable":true,"href":"https:\/\/www.btpsavoie.fr\/index.php\/wp-json\/wp\/v2\/comments?post=371"}],"version-history":[{"count":7,"href":"https:\/\/www.btpsavoie.fr\/index.php\/wp-json\/wp\/v2\/pages\/371\/revisions"}],"predecessor-version":[{"id":783,"href":"https:\/\/www.btpsavoie.fr\/index.php\/wp-json\/wp\/v2\/pages\/371\/revisions\/783"}],"wp:attachment":[{"href":"https:\/\/www.btpsavoie.fr\/index.php\/wp-json\/wp\/v2\/media?parent=371"}],"curies":[{"name":"wp","href":"https:\/\/api.w.org\/{rel}","templated":true}]}}