{"id":283,"date":"2022-10-13T16:06:05","date_gmt":"2022-10-13T14:06:05","guid":{"rendered":"http:\/\/staging.btpsavoie.fr\/?page_id=283"},"modified":"2026-02-10T08:27:54","modified_gmt":"2026-02-10T07:27:54","slug":"batis-tes-reves","status":"publish","type":"page","link":"https:\/\/www.btpsavoie.fr\/index.php\/batis-tes-reves\/","title":{"rendered":"B\u00e2tis tes r\u00eaves"},"content":{"rendered":"<p><div class=\"fusion-fullwidth fullwidth-box fusion-builder-row-1 fusion-flex-container has-pattern-background has-mask-background nonhundred-percent-fullwidth non-hundred-percent-height-scrolling\" style=\"--awb-border-sizes-top:0px;--awb-border-sizes-bottom:0px;--awb-border-sizes-left:0px;--awb-border-sizes-right:0px;--awb-border-radius-top-left:0px;--awb-border-radius-top-right:0px;--awb-border-radius-bottom-right:0px;--awb-border-radius-bottom-left:0px;--awb-padding-top:120px;--awb-padding-right:30px;--awb-padding-bottom:120px;--awb-padding-left:30px;--awb-padding-top-medium:60px;--awb-padding-bottom-medium:60px;--awb-padding-top-small:50px;--awb-margin-top:0px;--awb-margin-bottom:0px;--awb-background-color:var(--awb-color1);--awb-flex-wrap:wrap;\" ><div class=\"fusion-builder-row fusion-row fusion-flex-align-items-center fusion-flex-content-wrap\" style=\"max-width:1248px;margin-left: calc(-4% \/ 2 );margin-right: calc(-4% \/ 2 );\"><div class=\"fusion-layout-column fusion_builder_column fusion-builder-column-0 fusion_builder_column_1_2 1_2 fusion-flex-column\" style=\"--awb-bg-size:cover;--awb-width-large:50%;--awb-margin-top-large:0px;--awb-spacing-right-large:5.12%;--awb-margin-bottom-large:0px;--awb-spacing-left-large:3.84%;--awb-width-medium:50%;--awb-spacing-right-medium:5.12%;--awb-spacing-left-medium:3.84%;--awb-width-small:100%;--awb-spacing-right-small:1.92%;--awb-margin-bottom-small:40px;--awb-spacing-left-small:1.92%;\"><div class=\"fusion-column-wrapper fusion-column-has-shadow fusion-flex-justify-content-flex-start fusion-content-layout-column\"><div class=\"fusion-image-element \" style=\"--awb-caption-title-font-family:var(--h2_typography-font-family);--awb-caption-title-font-weight:var(--h2_typography-font-weight);--awb-caption-title-font-style:var(--h2_typography-font-style);--awb-caption-title-size:var(--h2_typography-font-size);--awb-caption-title-transform:var(--h2_typography-text-transform);--awb-caption-title-line-height:var(--h2_typography-line-height);--awb-caption-title-letter-spacing:var(--h2_typography-letter-spacing);\"><span class=\" fusion-imageframe imageframe-none imageframe-1 hover-type-none\" style=\"border-radius:1rem;\"><img decoding=\"async\" width=\"1080\" height=\"1350\" title=\"btr 022025\" src=\"https:\/\/www.btpsavoie.fr\/wp-content\/uploads\/2026\/02\/btr-022025.png\" data-orig-src=\"https:\/\/www.btpsavoie.fr\/wp-content\/uploads\/2026\/02\/btr-022025.png\" alt class=\"lazyload img-responsive wp-image-4020\" srcset=\"data:image\/svg+xml,%3Csvg%20xmlns%3D%27http%3A%2F%2Fwww.w3.org%2F2000%2Fsvg%27%20width%3D%271080%27%20height%3D%271350%27%20viewBox%3D%270%200%201080%201350%27%3E%3Crect%20width%3D%271080%27%20height%3D%271350%27%20fill-opacity%3D%220%22%2F%3E%3C%2Fsvg%3E\" data-srcset=\"https:\/\/www.btpsavoie.fr\/wp-content\/uploads\/2026\/02\/btr-022025-200x250.png 200w, https:\/\/www.btpsavoie.fr\/wp-content\/uploads\/2026\/02\/btr-022025-400x500.png 400w, https:\/\/www.btpsavoie.fr\/wp-content\/uploads\/2026\/02\/btr-022025-600x750.png 600w, https:\/\/www.btpsavoie.fr\/wp-content\/uploads\/2026\/02\/btr-022025-800x1000.png 800w, https:\/\/www.btpsavoie.fr\/wp-content\/uploads\/2026\/02\/btr-022025.png 1080w\" data-sizes=\"auto\" data-orig-sizes=\"(max-width: 640px) 100vw, 600px\" \/><\/span><\/div><div class=\"fusion-video fusion-selfhosted-video\" style=\"max-width:100%;\"><div class=\"video-wrapper\"><video playsinline=\"true\" width=\"100%\" style=\"object-fit: cover;\" autoplay=\"true\" muted=\"true\" loop=\"true\" preload=\"auto\" controls=\"1\"><source src=\"https:\/\/www.btpsavoie.fr\/wp-content\/uploads\/2025\/11\/Video-Demonstrations-BTR-2025.mp4\" type=\"video\/mp4\">Sorry, your browser doesn&#039;t support embedded videos.<\/video><\/div><\/div><\/div><\/div><div class=\"fusion-layout-column fusion_builder_column fusion-builder-column-1 fusion_builder_column_1_2 1_2 fusion-flex-column\" style=\"--awb-bg-size:cover;--awb-width-large:50%;--awb-margin-top-large:0px;--awb-spacing-right-large:3.84%;--awb-margin-bottom-large:20px;--awb-spacing-left-large:13.44%;--awb-width-medium:50%;--awb-spacing-right-medium:3.84%;--awb-spacing-left-medium:13.44%;--awb-width-small:100%;--awb-spacing-right-small:1.92%;--awb-margin-bottom-small:0px;--awb-spacing-left-small:1.92%;\"><div class=\"fusion-column-wrapper fusion-column-has-shadow fusion-flex-justify-content-flex-start fusion-content-layout-column\"><div class=\"fusion-title title fusion-title-1 fusion-sep-none fusion-title-text fusion-title-size-two fusion-animated\" style=\"--awb-margin-bottom:40px;--awb-margin-top-small:10px;--awb-margin-right-small:0px;--awb-margin-bottom-small:10px;--awb-margin-left-small:0px;\" data-animationType=\"fadeInLeft\" data-animationDuration=\"0.3\" data-animationOffset=\"top-into-view\"><h2 class=\"fusion-title-heading title-heading-left\" style=\"margin:0;\">B\u00e2tis tes r\u00eaves<\/h2><\/div><div class=\"fusion-separator fusion-no-large-visibility fusion-full-width-sep\" style=\"align-self: center;margin-left: auto;margin-right: auto;margin-bottom:3%;width:100%;\"><\/div><div class=\"fusion-text fusion-text-1 awb-text-cols fusion-text-columns-2\" style=\"--awb-columns:2;--awb-column-spacing:9%;--awb-column-min-width:250px;\"><p>Afin de rendre nos m\u00e9tiers plus attractifs et attirer les talents de demain\u00a0 notre Syndicat a mis en place depuis plusieurs ann\u00e9es une op\u00e9ration locale \u00ab\u00a0\ud835\udc01\ud835\udc1a\u0302\ud835\udc2d\ud835\udc22\ud835\udc2c \ud835\udc2d\ud835\udc1e\ud835\udc2c \ud835\udc2b\ud835\udc1e\u0302\ud835\udc2f\ud835\udc1e\ud835\udc2c !\u00a0\u00bb soutenue et pl\u00e9biscit\u00e9e par l&rsquo;Acad\u00e9mie de Grenoble .<\/p>\n<p>Chaque ann\u00e9e en mars et en octobre , des entrepreneurs et repr\u00e9sentants du Syndicat vont \u00e0 la rencontre des coll\u00e9giens, lyc\u00e9ens et des universit\u00e9s en Savoie afin de pr\u00e9senter les m\u00e9tiers du b\u00e2timent et faire \u00e9voluer les mentalit\u00e9s ! <span style=\"font-family: 'Arial',sans-serif; color: #65676e; letter-spacing: .2pt;\">Notre campagne touche \u00e0 chaque \u00e9dition pr\u00e8s de 900 \u00e9l\u00e8ves.<\/span><\/p>\n<p>En 2025, cette initiative locale s&rsquo;est \u00e9toff\u00e9e avec le Salon \ud835\udc01\ud835\udc1a\u0302\ud835\udc2d\ud835\udc22\ud835\udc2c \ud835\udc2d\ud835\udc1e\ud835\udc2c \ud835\udc2b\ud835\udc1e\u0302\ud835\udc2f\ud835\udc1e\ud835\udc2c ! o\u00f9 professionnels, organismes de formations du BTP et partenaires savoyards ont pu proposer\u00a0ateliers pratiques, d\u00e9monstrations et t\u00e9moignages, ce salon participatif et local r\u00e9pond \u00e0 une demande croissante d\u2019informations concr\u00e8tes, d\u2019\u00e9changes et de mises en situation.<\/p>\n<p>Cette premi\u00e8re \u00e9dition a rassembl\u00e9 plus de 400 coll\u00e9giens sur 2 jours qui ont d\u00e9couvert une trentaine de stands et assister \u00e0 l&rsquo;une des 2 conf\u00e9rences.<\/p>\n<p>Fort de son succ\u00e8s, il sera organis\u00e9 chaque ann\u00e9e au mois d&rsquo;octobre.<\/p>\n<\/div><div class=\"fusion-separator fusion-full-width-sep\" style=\"align-self: center;margin-left: auto;margin-right: auto;margin-bottom:3%;width:100%;\"><\/div><div class=\"fusion-text fusion-text-2 fusion-animated fusion-text-no-margin\" style=\"--awb-margin-top:2rem;--awb-margin-bottom:4rem;\" data-animationType=\"fadeInUp\" data-animationDuration=\"0.6\" data-animationOffset=\"top-into-view\"><div class=\"fusion-button-wrapper fusion-aligncenter\"><a class=\"fusion-button button-3d button-large button-default fusion-button-default button-1 fusion-button-default-span \" style=\"--button-border-radius-top-left:1rem;--button-border-radius-top-right:1rem;--button-border-radius-bottom-right:1rem;--button-border-radius-bottom-left:1rem;\" target=\"_blank\" rel=\"noopener noreferrer\" href=\"https:\/\/batistesreves.fr\"><span class=\"fusion-button-text awb-button__text awb-button__text--default fusion-button-text-right\">ALLER SUR LE SITE batistesreves.fr<\/span><span class=\"fusion-button-icon-divider button-icon-divider-right\"><i class=\"fa-user-graduate fas awb-button__icon awb-button__icon--default\" aria-hidden=\"true\"><\/i><\/span><\/a><\/div>\n<\/div><\/div><\/div><\/div><\/div><div class=\"fusion-fullwidth fullwidth-box fusion-builder-row-2 fusion-flex-container has-pattern-background has-mask-background nonhundred-percent-fullwidth non-hundred-percent-height-scrolling\" style=\"--awb-border-radius-top-left:0px;--awb-border-radius-top-right:0px;--awb-border-radius-bottom-right:0px;--awb-border-radius-bottom-left:0px;--awb-flex-wrap:wrap;\" ><div class=\"fusion-builder-row fusion-row fusion-flex-align-items-flex-start fusion-flex-content-wrap\" style=\"max-width:1248px;margin-left: calc(-4% \/ 2 );margin-right: calc(-4% \/ 2 );\"><div class=\"fusion-layout-column fusion_builder_column fusion-builder-column-2 fusion_builder_column_1_1 1_1 fusion-flex-column\" style=\"--awb-bg-size:cover;--awb-width-large:100%;--awb-margin-top-large:0px;--awb-spacing-right-large:1.92%;--awb-margin-bottom-large:20px;--awb-spacing-left-large:1.92%;--awb-width-medium:100%;--awb-order-medium:0;--awb-spacing-right-medium:1.92%;--awb-spacing-left-medium:1.92%;--awb-width-small:100%;--awb-order-small:0;--awb-spacing-right-small:1.92%;--awb-spacing-left-small:1.92%;\"><div class=\"fusion-column-wrapper fusion-column-has-shadow fusion-flex-justify-content-flex-start fusion-content-layout-column\"><\/div><\/div><\/div><\/div><\/p>\n","protected":false},"excerpt":{"rendered":"","protected":false},"author":1,"featured_media":0,"parent":0,"menu_order":0,"comment_status":"closed","ping_status":"closed","template":"100-width.php","meta":{"_acf_changed":false,"pmpro_default_level":"","footnotes":""},"class_list":["post-283","page","type-page","status-publish","hentry","pmpro-has-access"],"acf":[],"_links":{"self":[{"href":"https:\/\/www.btpsavoie.fr\/index.php\/wp-json\/wp\/v2\/pages\/283","targetHints":{"allow":["GET"]}}],"collection":[{"href":"https:\/\/www.btpsavoie.fr\/index.php\/wp-json\/wp\/v2\/pages"}],"about":[{"href":"https:\/\/www.btpsavoie.fr\/index.php\/wp-json\/wp\/v2\/types\/page"}],"author":[{"embeddable":true,"href":"https:\/\/www.btpsavoie.fr\/index.php\/wp-json\/wp\/v2\/users\/1"}],"replies":[{"embeddable":true,"href":"https:\/\/www.btpsavoie.fr\/index.php\/wp-json\/wp\/v2\/comments?post=283"}],"version-history":[{"count":19,"href":"https:\/\/www.btpsavoie.fr\/index.php\/wp-json\/wp\/v2\/pages\/283\/revisions"}],"predecessor-version":[{"id":4026,"href":"https:\/\/www.btpsavoie.fr\/index.php\/wp-json\/wp\/v2\/pages\/283\/revisions\/4026"}],"wp:attachment":[{"href":"https:\/\/www.btpsavoie.fr\/index.php\/wp-json\/wp\/v2\/media?parent=283"}],"curies":[{"name":"wp","href":"https:\/\/api.w.org\/{rel}","templated":true}]}}