{"id":2126,"date":"2023-06-29T09:24:42","date_gmt":"2023-06-29T07:24:42","guid":{"rendered":"https:\/\/www.btpsavoie.fr\/?page_id=2126"},"modified":"2023-06-29T16:46:25","modified_gmt":"2023-06-29T14:46:25","slug":"assurance","status":"publish","type":"page","link":"https:\/\/www.btpsavoie.fr\/index.php\/assurance\/","title":{"rendered":"Assurance"},"content":{"rendered":"<p><div class=\"fusion-fullwidth fullwidth-box fusion-builder-row-1 fusion-flex-container nonhundred-percent-fullwidth non-hundred-percent-height-scrolling\" style=\"--awb-border-sizes-top:0px;--awb-border-sizes-bottom:0px;--awb-border-sizes-left:0px;--awb-border-sizes-right:0px;--awb-border-radius-top-left:0px;--awb-border-radius-top-right:0px;--awb-border-radius-bottom-right:0px;--awb-border-radius-bottom-left:0px;--awb-padding-top:120px;--awb-padding-right:30px;--awb-padding-bottom:120px;--awb-padding-left:30px;--awb-padding-top-medium:60px;--awb-padding-bottom-medium:60px;--awb-padding-top-small:50px;--awb-margin-top:0px;--awb-margin-bottom:0px;--awb-background-color:var(--awb-color1);--awb-flex-wrap:wrap;\" ><div class=\"fusion-builder-row fusion-row fusion-flex-align-items-center fusion-flex-content-wrap\" style=\"max-width:1248px;margin-left: calc(-4% \/ 2 );margin-right: calc(-4% \/ 2 );\"><div class=\"fusion-layout-column fusion_builder_column fusion-builder-column-0 fusion_builder_column_2_5 2_5 fusion-flex-column\" style=\"--awb-bg-size:cover;--awb-width-large:40%;--awb-margin-top-large:0px;--awb-spacing-right-large:6.4%;--awb-margin-bottom-large:0px;--awb-spacing-left-large:4.8%;--awb-width-medium:40%;--awb-spacing-right-medium:6.4%;--awb-spacing-left-medium:4.8%;--awb-width-small:100%;--awb-spacing-right-small:1.92%;--awb-margin-bottom-small:40px;--awb-spacing-left-small:1.92%;\"><div class=\"fusion-column-wrapper fusion-column-has-shadow fusion-flex-justify-content-flex-start fusion-content-layout-column\"><div class=\"fusion-image-element \" style=\"--awb-caption-title-font-family:var(--h2_typography-font-family);--awb-caption-title-font-weight:var(--h2_typography-font-weight);--awb-caption-title-font-style:var(--h2_typography-font-style);--awb-caption-title-size:var(--h2_typography-font-size);--awb-caption-title-transform:var(--h2_typography-text-transform);--awb-caption-title-line-height:var(--h2_typography-line-height);--awb-caption-title-letter-spacing:var(--h2_typography-letter-spacing);\"><span class=\" fusion-imageframe imageframe-none imageframe-1 hover-type-none\"><img decoding=\"async\" width=\"1068\" height=\"261\" title=\"Logo_CA_original\" src=\"data:image\/svg+xml,%3Csvg%20xmlns%3D%27http%3A%2F%2Fwww.w3.org%2F2000%2Fsvg%27%20width%3D%271068%27%20height%3D%27261%27%20viewBox%3D%270%200%201068%20261%27%3E%3Crect%20width%3D%271068%27%20height%3D%27261%27%20fill-opacity%3D%220%22%2F%3E%3C%2Fsvg%3E\" data-orig-src=\"https:\/\/www.btpsavoie.fr\/wp-content\/uploads\/2023\/06\/Logo_CA_original.png\" alt class=\"lazyload img-responsive wp-image-2127\"\/><\/span><\/div><\/div><\/div><div class=\"fusion-layout-column fusion_builder_column fusion-builder-column-1 fusion_builder_column_3_5 3_5 fusion-flex-column\" style=\"--awb-bg-size:cover;--awb-width-large:60%;--awb-margin-top-large:0px;--awb-spacing-right-large:3.2%;--awb-margin-bottom-large:20px;--awb-spacing-left-large:11.2%;--awb-width-medium:60%;--awb-spacing-right-medium:3.2%;--awb-spacing-left-medium:11.2%;--awb-width-small:100%;--awb-spacing-right-small:1.92%;--awb-margin-bottom-small:0px;--awb-spacing-left-small:1.92%;\"><div class=\"fusion-column-wrapper fusion-column-has-shadow fusion-flex-justify-content-flex-start fusion-content-layout-column\"><div class=\"fusion-title title fusion-title-1 fusion-sep-none fusion-title-text fusion-title-size-two fusion-animated\" style=\"--awb-margin-bottom:40px;--awb-margin-top-small:10px;--awb-margin-right-small:0px;--awb-margin-bottom-small:10px;--awb-margin-left-small:0px;\" data-animationType=\"fadeInLeft\" data-animationDuration=\"0.3\" data-animationOffset=\"top-into-view\"><h2 class=\"fusion-title-heading title-heading-left\" style=\"margin:0;\">Assurance<\/h2><\/div><div class=\"fusion-separator fusion-no-large-visibility fusion-full-width-sep\" style=\"align-self: center;margin-left: auto;margin-right: auto;margin-bottom:3%;width:100%;\"><\/div><div class=\"fusion-text fusion-text-1 awb-text-cols fusion-text-columns-2\" style=\"--awb-columns:2;--awb-column-spacing:9%;--awb-column-min-width:250px;\"><p style=\"text-align: justify;\">Le Syndicat G\u00e9n\u00e9ral du BTP SAVOIE a mis en place un partenariat avec le Cabinet de courtage en assurance CONVERGENCE ASSURANCE.<\/p>\n<p style=\"text-align: justify;\">Courtier en assurance ind\u00e9pendant depuis 2017, CONVERGENCE ASSURANCE travaille en \u00e9troite collaboration avec de nombreuses compagnies d&rsquo;assurance r\u00e9put\u00e9es sur le march\u00e9.<\/p>\n<p style=\"text-align: justify;\">Une collaboration sp\u00e9cifique r\u00e9serv\u00e9e aux adh\u00e9rents du Syndicat a \u00e9t\u00e9 mise en place avec les Compagnies MMA et GROUPAMA.<\/p>\n<p style=\"text-align: justify;\">CONVERGENCE ASSURANCE s\u2019engage \u00e0 \u00e9tablir une relation solide et fiable avec vous.<\/p>\n<p style=\"text-align: justify;\">Sa mission principale est de vous \u00e9couter attentivement, de vous conseiller de mani\u00e8re \u00e9clair\u00e9e et de vous accompagner \u00e0 chaque \u00e9tape de l&rsquo;\u00e9volution de votre entreprise en r\u00e9alisant un audit complet de votre situation afin de comprendre en profondeur vos besoins sp\u00e9cifiques en mati\u00e8re d&rsquo;assurance.<\/p>\n<p style=\"text-align: justify;\">Son objectif est de vous pr\u00e9senter les solutions les mieux adapt\u00e9es \u00e0 votre entreprise, vous garantissant ainsi une protection optimale.<\/p>\n<p style=\"text-align: justify;\">Chaque entreprise est unique, c&rsquo;est pourquoi CONVERGENCE ASSURANCE veille \u00e0 personnaliser ses services pour r\u00e9pondre \u00e0 vos besoins sp\u00e9cifiques. L\u2019approche transparente et professionnelle va permettre de vous offrir des conseils avis\u00e9s et des solutions sur mesure.<\/p>\n<p style=\"text-align: justify;\">N&rsquo;attendez plus pour b\u00e9n\u00e9ficier de l&rsquo;expertise de CONVERGENCE ASSURANCE.<\/p>\n<p style=\"text-align: justify;\">N\u2019h\u00e9sitez pas \u00e0 les contacter d\u00e8s maintenant pour planifier une rencontre et d\u00e9couvrir comment vous aider \u00e0 s\u00e9curiser l&rsquo;avenir de votre entreprise et de contribuer au succ\u00e8s de votre entreprise.<\/p>\n<p style=\"text-align: justify;\">Ligne directe : 06 28 45 11 17<\/p>\n<\/div><div style=\"text-align:center;\"><a class=\"fusion-button button-3d button-large button-default fusion-button-default button-1 fusion-button-default-span \" style=\"--awb-margin-top:2rem;--button-border-radius-top-left:1rem;--button-border-radius-top-right:1rem;--button-border-radius-bottom-right:1rem;--button-border-radius-bottom-left:1rem;\" target=\"_blank\" rel=\"noopener noreferrer\" href=\"https:\/\/www.convergence-assurance.fr\"><span class=\"fusion-button-text awb-button__text awb-button__text--default fusion-button-text-right\">ALLER SUR LE SITE DE CONVERGENCE ASSURANCE<\/span><span class=\"fusion-button-icon-divider button-icon-divider-right\"><i class=\"fa-university fas awb-button__icon awb-button__icon--default\" aria-hidden=\"true\"><\/i><\/span><\/a><\/div><div class=\"fusion-separator fusion-full-width-sep\" style=\"align-self: center;margin-left: auto;margin-right: auto;margin-bottom:3%;width:100%;\"><\/div><\/div><\/div><\/div><\/div><div class=\"fusion-fullwidth fullwidth-box fusion-builder-row-2 fusion-flex-container has-pattern-background has-mask-background nonhundred-percent-fullwidth non-hundred-percent-height-scrolling\" style=\"--awb-border-radius-top-left:0px;--awb-border-radius-top-right:0px;--awb-border-radius-bottom-right:0px;--awb-border-radius-bottom-left:0px;--awb-flex-wrap:wrap;\" ><div class=\"fusion-builder-row fusion-row fusion-flex-align-items-flex-start fusion-flex-content-wrap\" style=\"max-width:1248px;margin-left: calc(-4% \/ 2 );margin-right: calc(-4% \/ 2 );\"><div class=\"fusion-layout-column fusion_builder_column fusion-builder-column-2 fusion_builder_column_1_1 1_1 fusion-flex-column\" style=\"--awb-bg-size:cover;--awb-width-large:100%;--awb-margin-top-large:0px;--awb-spacing-right-large:1.92%;--awb-margin-bottom-large:20px;--awb-spacing-left-large:1.92%;--awb-width-medium:100%;--awb-order-medium:0;--awb-spacing-right-medium:1.92%;--awb-spacing-left-medium:1.92%;--awb-width-small:100%;--awb-order-small:0;--awb-spacing-right-small:1.92%;--awb-spacing-left-small:1.92%;\"><div class=\"fusion-column-wrapper fusion-column-has-shadow fusion-flex-justify-content-flex-start fusion-content-layout-column\"><div class=\"fusion-separator fusion-full-width-sep\" style=\"align-self: center;margin-left: auto;margin-right: auto;margin-bottom:3rem;width:100%;\"><div class=\"fusion-separator-border sep-single sep-solid\" style=\"--awb-height:20px;--awb-amount:20px;--awb-sep-color:var(--awb-custom_color_3);border-color:var(--awb-custom_color_3);border-top-width:1px;\"><\/div><\/div><div class=\"fusion-title title fusion-title-2 fusion-sep-none fusion-title-text fusion-title-size-two\" style=\"--awb-margin-top-small:10px;--awb-margin-right-small:0px;--awb-margin-bottom-small:10px;--awb-margin-left-small:0px;\"><h2 class=\"fusion-title-heading title-heading-left\" style=\"margin:0;\">B\u00e9n\u00e9ficiez d&rsquo;un interlocuteur unique<\/h2><\/div><\/div><\/div><div class=\"fusion-layout-column fusion_builder_column fusion-builder-column-3 fusion_builder_column_1_1 1_1 fusion-flex-column\" style=\"--awb-bg-size:cover;--awb-width-large:100%;--awb-margin-top-large:0px;--awb-spacing-right-large:1.92%;--awb-margin-bottom-large:20px;--awb-spacing-left-large:1.92%;--awb-width-medium:100%;--awb-order-medium:0;--awb-spacing-right-medium:1.92%;--awb-spacing-left-medium:1.92%;--awb-width-small:100%;--awb-order-small:0;--awb-spacing-right-small:1.92%;--awb-spacing-left-small:1.92%;\"><div class=\"fusion-column-wrapper fusion-column-has-shadow fusion-flex-justify-content-flex-start fusion-content-layout-column\"><div class=\"fusion-content-boxes content-boxes columns row fusion-columns-4 fusion-columns-total-4 fusion-content-boxes-1 content-boxes-icon-on-top content-left\" style=\"--awb-body-color:var(--awb-custom_color_2);--awb-title-color:var(--awb-custom_color_2);--awb-iconcolor:var(--awb-color1);--awb-margin-top:3rem;--awb-hover-accent-color:rgba(101,103,110,0.55);--awb-circle-hover-accent-color:rgba(101,103,110,0.55);\" data-animationOffset=\"top-into-view\"><div style=\"--awb-backgroundcolor:rgba(255,255,255,0);--awb-iconcolor:var(--awb-color1);\" class=\"fusion-column content-box-column content-box-column content-box-column-1 col-lg-3 col-md-3 col-sm-3 fusion-content-box-hover content-box-column-first-in-row\"><div class=\"col content-box-wrapper content-wrapper link-area-link-icon content-icon-wrapper-yes icon-hover-animation-fade fusion-animated\" data-animationType=\"fadeInUp\" data-animationDuration=\"0.6\" data-animationOffset=\"top-into-view\"><div class=\"heading heading-with-icon icon-left\"><div class=\"icon\"><span style=\"height:50px;width:50px;line-height:26px;border-color:rgba(255,255,255,0);border-width:1px;border-style:solid;background-color:var(--awb-custom_color_3);box-sizing:content-box;border-radius:50%;\"><i style=\"border-color:var(--awb-custom_color_3);border-width:1px;background-color:rgba(255,255,255,0.37);box-sizing:content-box;height:48px;width:48px;line-height:48px;border-radius:50%;position:relative;top:auto;left:auto;margin:0;border-radius:50%;font-size:24px;\" aria-hidden=\"true\" class=\"fontawesome-icon fa-car-side fas circle-yes\"><\/i><\/span><\/div><h2 class=\"content-box-heading\" style=\"--h2_typography-font-size:24px;line-height:29px;\">PROXIMIT\u00c9<\/h2><\/div><div class=\"fusion-clearfix\"><\/div><div class=\"content-container\">\n<p style=\"text-align: center;\">V\u00e9ritable partenaire, \u00e0 cot\u00e9 de chez vous<\/p>\n<\/div><\/div><\/div><div style=\"--awb-backgroundcolor:rgba(255,255,255,0);--awb-iconcolor:var(--awb-color1);\" class=\"fusion-column content-box-column content-box-column content-box-column-2 col-lg-3 col-md-3 col-sm-3 fusion-content-box-hover \"><div class=\"col content-box-wrapper content-wrapper link-area-link-icon content-icon-wrapper-yes icon-hover-animation-fade fusion-animated\" data-animationType=\"fadeInUp\" data-animationDuration=\"1.2\" data-animationOffset=\"top-into-view\"><div class=\"heading heading-with-icon icon-left\"><div class=\"icon\"><span style=\"height:50px;width:50px;line-height:26px;border-color:rgba(255,255,255,0);border-width:1px;border-style:solid;background-color:var(--awb-custom_color_3);box-sizing:content-box;border-radius:50%;\"><i style=\"border-color:var(--awb-custom_color_3);border-width:1px;background-color:rgba(255,255,255,0.37);box-sizing:content-box;height:48px;width:48px;line-height:48px;border-radius:50%;position:relative;top:auto;left:auto;margin:0;border-radius:50%;font-size:24px;\" aria-hidden=\"true\" class=\"fontawesome-icon fa-clipboard-check fas circle-yes\"><\/i><\/span><\/div><h2 class=\"content-box-heading\" style=\"--h2_typography-font-size:24px;line-height:29px;\">AUDIT<\/h2><\/div><div class=\"fusion-clearfix\"><\/div><div class=\"content-container\">\n<p style=\"text-align: center;\">Nous r\u00e9alisons un audit complet et vous<br \/>\nproposons des solutions adapt\u00e9es<\/p>\n<\/div><\/div><\/div><div style=\"--awb-backgroundcolor:rgba(255,255,255,0);--awb-iconcolor:var(--awb-color1);\" class=\"fusion-column content-box-column content-box-column content-box-column-3 col-lg-3 col-md-3 col-sm-3 fusion-content-box-hover \"><div class=\"col content-box-wrapper content-wrapper link-area-link-icon content-icon-wrapper-yes icon-hover-animation-fade fusion-animated\" data-animationType=\"fadeInUp\" data-animationDuration=\"1.5\" data-animationOffset=\"top-into-view\"><div class=\"heading heading-with-icon icon-left\"><div class=\"icon\"><span style=\"height:50px;width:50px;line-height:26px;border-color:rgba(255,255,255,0);border-width:1px;border-style:solid;background-color:var(--awb-custom_color_3);box-sizing:content-box;border-radius:50%;\"><i style=\"border-color:var(--awb-custom_color_3);border-width:1px;background-color:rgba(255,255,255,0.37);box-sizing:content-box;height:48px;width:48px;line-height:48px;border-radius:50%;position:relative;top:auto;left:auto;margin:0;border-radius:50%;font-size:24px;\" aria-hidden=\"true\" class=\"fontawesome-icon fa-dove fas circle-yes\"><\/i><\/span><\/div><h2 class=\"content-box-heading\" style=\"--h2_typography-font-size:24px;line-height:29px;\">IND\u00c9PENDANCE<\/h2><\/div><div class=\"fusion-clearfix\"><\/div><div class=\"content-container\">\n<p style=\"text-align: center;\">V\u00e9ritable interm\u00e9diaire, nous prospectons<br \/>\nles Compagnies et n\u00e9gocions les contrats<br \/>\nles plus avantageux<\/p>\n<\/div><\/div><\/div><div style=\"--awb-backgroundcolor:rgba(255,255,255,0);--awb-iconcolor:var(--awb-color1);\" class=\"fusion-column content-box-column content-box-column content-box-column-4 col-lg-3 col-md-3 col-sm-3 fusion-content-box-hover content-box-column-last content-box-column-last-in-row\"><div class=\"col content-box-wrapper content-wrapper link-area-link-icon content-icon-wrapper-yes icon-hover-animation-fade fusion-animated\" data-animationType=\"fadeInUp\" data-animationDuration=\"1.8\" data-animationOffset=\"top-into-view\"><div class=\"heading heading-with-icon icon-left\"><div class=\"icon\"><span style=\"height:50px;width:50px;line-height:26px;border-color:rgba(255,255,255,0);border-width:1px;border-style:solid;background-color:var(--awb-custom_color_3);box-sizing:content-box;border-radius:50%;\"><i style=\"border-color:var(--awb-custom_color_3);border-width:1px;background-color:rgba(255,255,255,0.37);box-sizing:content-box;height:48px;width:48px;line-height:48px;border-radius:50%;position:relative;top:auto;left:auto;margin:0;border-radius:50%;font-size:24px;\" aria-hidden=\"true\" class=\"fontawesome-icon fa-fax fas circle-yes\"><\/i><\/span><\/div><h2 class=\"content-box-heading\" style=\"--h2_typography-font-size:24px;line-height:29px;\">CONSEIL ET EXPERTISE DE A \u00e0 Z<\/h2><\/div><div class=\"fusion-clearfix\"><\/div><div class=\"content-container\">\n<p style=\"text-align: center;\">Nous vous accompagnons dans l\u2019\u00e9volution<br \/>\nde votre activit\u00e9 et dans la gestion de vos<br \/>\nsinistres<\/p>\n<\/div><\/div><\/div><div class=\"fusion-clearfix\"><\/div><\/div><\/div><\/div><\/div><\/div><div class=\"fusion-fullwidth fullwidth-box fusion-builder-row-3 fusion-flex-container has-pattern-background has-mask-background nonhundred-percent-fullwidth non-hundred-percent-height-scrolling\" style=\"--awb-border-radius-top-left:0px;--awb-border-radius-top-right:0px;--awb-border-radius-bottom-right:0px;--awb-border-radius-bottom-left:0px;--awb-flex-wrap:wrap;\" ><div class=\"fusion-builder-row fusion-row fusion-flex-align-items-flex-start fusion-flex-content-wrap\" style=\"max-width:1248px;margin-left: calc(-4% \/ 2 );margin-right: calc(-4% \/ 2 );\"><div class=\"fusion-layout-column fusion_builder_column fusion-builder-column-4 fusion_builder_column_1_1 1_1 fusion-flex-column\" style=\"--awb-bg-size:cover;--awb-width-large:100%;--awb-margin-top-large:0px;--awb-spacing-right-large:1.92%;--awb-margin-bottom-large:20px;--awb-spacing-left-large:1.92%;--awb-width-medium:100%;--awb-order-medium:0;--awb-spacing-right-medium:1.92%;--awb-spacing-left-medium:1.92%;--awb-width-small:100%;--awb-order-small:0;--awb-spacing-right-small:1.92%;--awb-spacing-left-small:1.92%;\"><div class=\"fusion-column-wrapper fusion-column-has-shadow fusion-flex-justify-content-flex-start fusion-content-layout-column\"><div class=\"fusion-separator fusion-full-width-sep\" style=\"align-self: center;margin-left: auto;margin-right: auto;margin-bottom:3rem;width:100%;\"><div class=\"fusion-separator-border sep-single sep-solid\" style=\"--awb-height:20px;--awb-amount:20px;--awb-sep-color:var(--awb-custom_color_3);border-color:var(--awb-custom_color_3);border-top-width:1px;\"><\/div><\/div><div class=\"fusion-title title fusion-title-3 fusion-sep-none fusion-title-text fusion-title-size-two\" style=\"--awb-margin-top-small:10px;--awb-margin-right-small:0px;--awb-margin-bottom-small:10px;--awb-margin-left-small:0px;\"><h2 class=\"fusion-title-heading title-heading-left\" style=\"margin:0;\">Votre protection avant tout<\/h2><\/div><\/div><\/div><div class=\"fusion-layout-column fusion_builder_column fusion-builder-column-5 fusion_builder_column_1_1 1_1 fusion-flex-column\" style=\"--awb-bg-size:cover;--awb-width-large:100%;--awb-margin-top-large:0px;--awb-spacing-right-large:1.92%;--awb-margin-bottom-large:20px;--awb-spacing-left-large:1.92%;--awb-width-medium:100%;--awb-order-medium:0;--awb-spacing-right-medium:1.92%;--awb-spacing-left-medium:1.92%;--awb-width-small:100%;--awb-order-small:0;--awb-spacing-right-small:1.92%;--awb-spacing-left-small:1.92%;\"><div class=\"fusion-column-wrapper fusion-column-has-shadow fusion-flex-justify-content-flex-start fusion-content-layout-column\"><div class=\"fusion-content-boxes content-boxes columns row fusion-columns-4 fusion-columns-total-4 fusion-content-boxes-2 content-boxes-icon-on-top content-left\" style=\"--awb-body-color:var(--awb-custom_color_2);--awb-title-color:var(--awb-custom_color_2);--awb-iconcolor:var(--awb-color1);--awb-margin-top:3rem;--awb-hover-accent-color:rgba(101,103,110,0.55);--awb-circle-hover-accent-color:rgba(101,103,110,0.55);\" data-animationOffset=\"top-into-view\"><div style=\"--awb-backgroundcolor:rgba(255,255,255,0);--awb-iconcolor:var(--awb-color1);\" class=\"fusion-column content-box-column content-box-column content-box-column-1 col-lg-3 col-md-3 col-sm-3 fusion-content-box-hover content-box-column-first-in-row\"><div class=\"col content-box-wrapper content-wrapper link-area-link-icon content-icon-wrapper-yes icon-hover-animation-fade fusion-animated\" data-animationType=\"fadeInUp\" data-animationDuration=\"0.6\" data-animationOffset=\"top-into-view\"><div class=\"heading heading-with-icon icon-left\"><div class=\"icon\"><span style=\"height:50px;width:50px;line-height:26px;border-color:rgba(255,255,255,0);border-width:1px;border-style:solid;background-color:var(--awb-custom_color_3);box-sizing:content-box;border-radius:50%;\"><i style=\"border-color:var(--awb-custom_color_3);border-width:1px;background-color:rgba(255,255,255,0.37);box-sizing:content-box;height:48px;width:48px;line-height:48px;border-radius:50%;position:relative;top:auto;left:auto;margin:0;border-radius:50%;font-size:24px;\" aria-hidden=\"true\" class=\"fontawesome-icon fa-clipboard-list fas circle-yes\"><\/i><\/span><\/div><h2 class=\"content-box-heading\" style=\"--h2_typography-font-size:24px;line-height:29px;\">PROT\u00c9GEZ VOS RESPONSABILIT\u00c9S<\/h2><\/div><div class=\"fusion-clearfix\"><\/div><div class=\"content-container\">\n<ul>\n<li style=\"text-align: left;\">Responsabilit\u00e9 Civile Professionnelle et D\u00e9cennale<\/li>\n<li style=\"text-align: left;\">Responsabilit\u00e9 Civile des Dirigeants<\/li>\n<\/ul>\n<\/div><\/div><\/div><div style=\"--awb-backgroundcolor:rgba(255,255,255,0);--awb-iconcolor:var(--awb-color1);\" class=\"fusion-column content-box-column content-box-column content-box-column-2 col-lg-3 col-md-3 col-sm-3 fusion-content-box-hover \"><div class=\"col content-box-wrapper content-wrapper link-area-link-icon content-icon-wrapper-yes icon-hover-animation-fade fusion-animated\" data-animationType=\"fadeInUp\" data-animationDuration=\"1.2\" data-animationOffset=\"top-into-view\"><div class=\"heading heading-with-icon icon-left\"><div class=\"icon\"><span style=\"height:50px;width:50px;line-height:26px;border-color:rgba(255,255,255,0);border-width:1px;border-style:solid;background-color:var(--awb-custom_color_3);box-sizing:content-box;border-radius:50%;\"><i style=\"border-color:var(--awb-custom_color_3);border-width:1px;background-color:rgba(255,255,255,0.37);box-sizing:content-box;height:48px;width:48px;line-height:48px;border-radius:50%;position:relative;top:auto;left:auto;margin:0;border-radius:50%;font-size:24px;\" aria-hidden=\"true\" class=\"fontawesome-icon fa-store-alt fas circle-yes\"><\/i><\/span><\/div><h2 class=\"content-box-heading\" style=\"--h2_typography-font-size:24px;line-height:29px;\">PROT\u00c9GEZ VOS BIENS<\/h2><\/div><div class=\"fusion-clearfix\"><\/div><div class=\"content-container\">\n<ul>\n<li style=\"text-align: left;\">Locaux Professionnels<\/li>\n<li style=\"text-align: left;\">Flotte Automobile<\/li>\n<li style=\"text-align: left;\">Bris de Machine, Mat\u00e9riels et Engins<\/li>\n<li style=\"text-align: left;\">Protection Juridique<\/li>\n<li style=\"text-align: left;\">Risque Cyber<\/li>\n<\/ul>\n<\/div><\/div><\/div><div style=\"--awb-backgroundcolor:rgba(255,255,255,0);--awb-iconcolor:var(--awb-color1);\" class=\"fusion-column content-box-column content-box-column content-box-column-3 col-lg-3 col-md-3 col-sm-3 fusion-content-box-hover \"><div class=\"col content-box-wrapper content-wrapper link-area-link-icon content-icon-wrapper-yes icon-hover-animation-fade fusion-animated\" data-animationType=\"fadeInUp\" data-animationDuration=\"1.5\" data-animationOffset=\"top-into-view\"><div class=\"heading heading-with-icon icon-left\"><div class=\"icon\"><span style=\"height:50px;width:50px;line-height:26px;border-color:rgba(255,255,255,0);border-width:1px;border-style:solid;background-color:var(--awb-custom_color_3);box-sizing:content-box;border-radius:50%;\"><i style=\"border-color:var(--awb-custom_color_3);border-width:1px;background-color:rgba(255,255,255,0.37);box-sizing:content-box;height:48px;width:48px;line-height:48px;border-radius:50%;position:relative;top:auto;left:auto;margin:0;border-radius:50%;font-size:24px;\" aria-hidden=\"true\" class=\"fontawesome-icon fa-user-injured fas circle-yes\"><\/i><\/span><\/div><h2 class=\"content-box-heading\" style=\"--h2_typography-font-size:24px;line-height:29px;\">PROT\u00c9GEZ VOS SALARI\u00c9S<\/h2><\/div><div class=\"fusion-clearfix\"><\/div><div class=\"content-container\">\n<ul>\n<li style=\"text-align: left;\">Sant\u00e9<\/li>\n<li style=\"text-align: left;\">Pr\u00e9voyance<\/li>\n<li style=\"text-align: left;\">Retraite<\/li>\n<\/ul>\n<\/div><\/div><\/div><div style=\"--awb-backgroundcolor:rgba(255,255,255,0);--awb-iconcolor:var(--awb-color1);\" class=\"fusion-column content-box-column content-box-column content-box-column-4 col-lg-3 col-md-3 col-sm-3 fusion-content-box-hover content-box-column-last content-box-column-last-in-row\"><div class=\"col content-box-wrapper content-wrapper link-area-link-icon content-icon-wrapper-yes icon-hover-animation-fade fusion-animated\" data-animationType=\"fadeInUp\" data-animationDuration=\"1.8\" data-animationOffset=\"top-into-view\"><div class=\"heading heading-with-icon icon-left\"><div class=\"icon\"><span style=\"height:50px;width:50px;line-height:26px;border-color:rgba(255,255,255,0);border-width:1px;border-style:solid;background-color:var(--awb-custom_color_3);box-sizing:content-box;border-radius:50%;\"><i style=\"border-color:var(--awb-custom_color_3);border-width:1px;background-color:rgba(255,255,255,0.37);box-sizing:content-box;height:48px;width:48px;line-height:48px;border-radius:50%;position:relative;top:auto;left:auto;margin:0;border-radius:50%;font-size:24px;\" aria-hidden=\"true\" class=\"fontawesome-icon fa-users fas circle-yes\"><\/i><\/span><\/div><h2 class=\"content-box-heading\" style=\"--h2_typography-font-size:24px;line-height:29px;\">PROT\u00c9GEZ-VOUS ET PROT\u00c9GEZ VOS PROCHES<\/h2><\/div><div class=\"fusion-clearfix\"><\/div><div class=\"content-container\">\n<ul>\n<li style=\"text-align: left;\">Sant\u00e9, pr\u00e9voyance et retraite pour vous-m\u00eame<\/li>\n<li style=\"text-align: left;\">Frais g\u00e9n\u00e9raux<\/li>\n<li style=\"text-align: left;\">Homme cl\u00e9<\/li>\n<\/ul>\n<\/div><\/div><\/div><div class=\"fusion-clearfix\"><\/div><\/div><\/div><\/div><\/div><\/div><\/p>\n","protected":false},"excerpt":{"rendered":"","protected":false},"author":214,"featured_media":0,"parent":0,"menu_order":0,"comment_status":"closed","ping_status":"closed","template":"100-width.php","meta":{"_acf_changed":false,"pmpro_default_level":"","footnotes":""},"class_list":["post-2126","page","type-page","status-publish","hentry","pmpro-has-access"],"acf":[],"_links":{"self":[{"href":"https:\/\/www.btpsavoie.fr\/index.php\/wp-json\/wp\/v2\/pages\/2126","targetHints":{"allow":["GET"]}}],"collection":[{"href":"https:\/\/www.btpsavoie.fr\/index.php\/wp-json\/wp\/v2\/pages"}],"about":[{"href":"https:\/\/www.btpsavoie.fr\/index.php\/wp-json\/wp\/v2\/types\/page"}],"author":[{"embeddable":true,"href":"https:\/\/www.btpsavoie.fr\/index.php\/wp-json\/wp\/v2\/users\/214"}],"replies":[{"embeddable":true,"href":"https:\/\/www.btpsavoie.fr\/index.php\/wp-json\/wp\/v2\/comments?post=2126"}],"version-history":[{"count":8,"href":"https:\/\/www.btpsavoie.fr\/index.php\/wp-json\/wp\/v2\/pages\/2126\/revisions"}],"predecessor-version":[{"id":2138,"href":"https:\/\/www.btpsavoie.fr\/index.php\/wp-json\/wp\/v2\/pages\/2126\/revisions\/2138"}],"wp:attachment":[{"href":"https:\/\/www.btpsavoie.fr\/index.php\/wp-json\/wp\/v2\/media?parent=2126"}],"curies":[{"name":"wp","href":"https:\/\/api.w.org\/{rel}","templated":true}]}}